{"id":729,"date":"2025-06-22T14:56:56","date_gmt":"2025-06-22T06:56:56","guid":{"rendered":"https:\/\/badiacaraudio.com\/es\/?post_type=product&#038;p=729"},"modified":"2025-06-22T20:33:46","modified_gmt":"2025-06-22T12:33:46","slug":"mbh-69b","status":"publish","type":"product","link":"https:\/\/badiacaraudio.com\/es\/product\/mbh-69b\/","title":{"rendered":"MBH-69B"},"content":{"rendered":"<p>Badia Intelligent Technology (Guangzhou) Co., Ltd. se encuentra en Guangzhou, provincia de Guangdong, China. Somos una empresa que integra I+D, innovaci\u00f3n, producci\u00f3n y venta de equipos profesionales de audio para autom\u00f3viles y amplificadores de potencia. Contamos con un equipo de ingenieros de I+D y modernas l\u00edneas de producci\u00f3n de equipos de \u00faltima generaci\u00f3n. Contamos con tiendas independientes de exhibici\u00f3n de productos y salas de prueba y depuraci\u00f3n de equipos de alta calidad, as\u00ed como con un s\u00f3lido equipo de marketing que actualiza y mejora continuamente los productos que demanda el mercado para satisfacer las necesidades de los clientes internacionales con productos y servicios de la mejor calidad y eficiencia.<\/p>\n<p>Badia Intelligent Technology (Guangzhou) Co., Ltd. ofrece servicios personalizados para crear soluciones profesionales a medida para sus principales clientes. Nuestros clientes cooperativos provienen del mercado internacional profesional global, y les ofrecemos productos eficientes y estables con una excelente calidad y servicio. Badia siempre se adhiere a la integridad y la innovaci\u00f3n, se centra en las necesidades del cliente y crea relaciones beneficiosas para todos.<\/p>\n","protected":false},"excerpt":{"rendered":"<p>Power: 120W<br \/>\nTotal harmonic distortion: &lt;0.4%<br \/>\nSignal-to-noise ratio: &gt;90dB<br \/>\nHigh-level input sensitivity: 0.9V<br \/>\nLow-level RCA input sensitivity: 300mV<br \/>\nLow-pass filter range: 33Hz~20Hz<br \/>\nBass gain: 0db~+12dB<br \/>\nLoad: 4ohm<br \/>\nFuse rating: 25A<br \/>\nActive subwoofer: 6 x 9 inch<br \/>\nSize: 290*210*75mm<\/p>\n","protected":false},"featured_media":762,"comment_status":"open","ping_status":"closed","template":"","meta":[],"product_brand":[],"product_cat":[22],"product_tag":[],"class_list":{"0":"post-729","1":"product","2":"type-product","3":"status-publish","4":"has-post-thumbnail","6":"product_cat-subwoofer-bajo-el-asiento","8":"first","9":"instock","10":"shipping-taxable","11":"product-type-simple"},"_links":{"self":[{"href":"https:\/\/badiacaraudio.com\/es\/wp-json\/wp\/v2\/product\/729","targetHints":{"allow":["GET"]}}],"collection":[{"href":"https:\/\/badiacaraudio.com\/es\/wp-json\/wp\/v2\/product"}],"about":[{"href":"https:\/\/badiacaraudio.com\/es\/wp-json\/wp\/v2\/types\/product"}],"replies":[{"embeddable":true,"href":"https:\/\/badiacaraudio.com\/es\/wp-json\/wp\/v2\/comments?post=729"}],"wp:featuredmedia":[{"embeddable":true,"href":"https:\/\/badiacaraudio.com\/es\/wp-json\/wp\/v2\/media\/762"}],"wp:attachment":[{"href":"https:\/\/badiacaraudio.com\/es\/wp-json\/wp\/v2\/media?parent=729"}],"wp:term":[{"taxonomy":"product_brand","embeddable":true,"href":"https:\/\/badiacaraudio.com\/es\/wp-json\/wp\/v2\/product_brand?post=729"},{"taxonomy":"product_cat","embeddable":true,"href":"https:\/\/badiacaraudio.com\/es\/wp-json\/wp\/v2\/product_cat?post=729"},{"taxonomy":"product_tag","embeddable":true,"href":"https:\/\/badiacaraudio.com\/es\/wp-json\/wp\/v2\/product_tag?post=729"}],"curies":[{"name":"wp","href":"https:\/\/api.w.org\/{rel}","templated":true}]}}